{"id":15329,"date":"2018-01-04T17:50:24","date_gmt":"2018-01-04T20:50:24","guid":{"rendered":"https:\/\/www.autosnuevoschile.cl\/?post_type=product&#038;p=15329"},"modified":"2018-01-04T17:50:24","modified_gmt":"2018-01-04T20:50:24","slug":"amarok","status":"publish","type":"product","link":"https:\/\/catalogo.autosonline.cl\/autos-nuevos\/volkswagen\/amarok\/","title":{"rendered":"Volkswagen Amarok"},"content":{"rendered":"<p><\/div><\/div><\/div><!-- close content main div --><\/div><\/div><div id='inicio' class='avia-section main_color avia-section-no-padding avia-no-border-styling avia-bg-style-scroll   container_wrap sidebar_right' style = 'background-color: #0099ff; background-repeat: no-repeat; background-image: url(https:\/\/www.autosnuevoschile.cl\/wp-content\/uploads\/2016\/08\/volkswagen-amarok-slider.jpg); background-attachment: scroll; background-position: center right; ' data-section-bg-repeat='no-repeat' ><div class='container' ><div class='template-page content  av-content-small alpha units'><div class='post-entry post-entry-type-page post-entry-15329'><div class='entry-content-wrapper clearfix'>\n<div class=\"flex_column av_one_fifth  no_margin flex_column_div first  \" style='padding:20px; border-radius:0px; '><\/div><div class=\"flex_column av_one_fifth  no_margin flex_column_div   \" style='padding:20px 20px 20px 80px ; background-color:rgba(17,17,17,0.9); border-radius:0px; '><section class=\"avia_codeblock_section  avia_code_block_0\"  itemscope=\"itemscope\" itemtype=\"https:\/\/schema.org\/CreativeWork\" ><div class='avia_codeblock '  itemprop=\"text\" > [avia_codeblock_placeholder uid=\"0\"] <\/div><\/section><\/div><div class=\"flex_column av_one_fourth  no_margin flex_column_div   \" style='padding:20px 20px 10px 20px ; background-color:rgba(255,255,255,0.93); border-radius:0px; '><p><div style='padding-bottom:3px;color:#303030;font-size:20px;' class='av-special-heading av-special-heading-h1 custom-color-heading blockquote modern-quote  av-inherit-size '><h1 class='av-special-heading-tag  av-mini-font-size-overwrite av-mini-font-size-25'  itemprop=\"headline\"  >Volkswagen Amarok<\/h1><div class ='av-subheading av-subheading_below av_custom_color ' style='font-size:14px;'><p>Volkswagen Amarok en Chile, desc\u00fabrelo<\/p>\n<\/div><div class='special-heading-border'><div class='special-heading-inner-border' style='border-color:#303030'><\/div><\/div><\/div><br \/>\n<br \/>\n<div style=' margin-top:0px; margin-bottom:0px;'  class='hr hr-custom hr-center hr-icon-no  '><span class='hr-inner   inner-border-av-border-fat' style=' width:250px; border-color:#0099ff;' ><span class='hr-inner-style'><\/span><\/span><\/div><br \/>\n<section class=\"av_textblock_section \"  itemscope=\"itemscope\" itemtype=\"https:\/\/schema.org\/CreativeWork\" ><div class='avia_textblock  '   itemprop=\"text\" ><p class=\"product woocommerce add_to_cart_inline \" style=\"border:4px solid #ccc; padding: 12px;\"><a href=\"?add-to-cart=15329\" aria-describedby=\"woocommerce_loop_add_to_cart_link_describedby_15329\" data-quantity=\"1\" class=\"button product_type_simple add_to_cart_button ajax_add_to_cart\" data-product_id=\"15329\" data-product_sku=\"\" aria-label=\"A\u00f1adir al carrito: &ldquo;Volkswagen Amarok&rdquo;\" rel=\"nofollow\" data-success_message=\"\u00abVolkswagen Amarok\u00bb se ha a\u00f1adido a tu carrito\">A\u00f1adir al carrito<\/a>\t<span id=\"woocommerce_loop_add_to_cart_link_describedby_15329\" class=\"screen-reader-text\">\n\t\t\t<\/span>\n<\/p>\n<\/div><\/section><\/p><\/div><div class=\"flex_column av_one_third  no_margin flex_column_div   \" style='padding:20px 20px 20px 30px ; background-color:rgba(0,153,255,0.9); border-radius:0px; '><p><div style='padding-bottom:5px;color:#ffffff;font-size:24px;' class='av-special-heading av-special-heading-h3 custom-color-heading blockquote modern-quote   av-thin-font av-inherit-size '><h3 class='av-special-heading-tag '  itemprop=\"headline\"  ><strong>\u00a1Quiero el Mejor Precio!<\/strong><\/h3><div class ='av-subheading av-subheading_below av_custom_color ' style='font-size:16px;'><p>Solicita aqu\u00ed tu nuevo modelo<\/p>\n<\/div><div class='special-heading-border'><div class='special-heading-inner-border' style='border-color:#ffffff'><\/div><\/div><\/div><br \/>\n<section class=\"av_textblock_section \"  itemscope=\"itemscope\" itemtype=\"https:\/\/schema.org\/CreativeWork\" ><div class='avia_textblock  av_inherit_color '  style='color:#ffffff; '  itemprop=\"text\" >\n<\/div><\/section><\/p><\/div>\n<\/div><\/div><\/div><!-- close content main div --><\/div><\/div><div id='after_section_1' class='main_color av_default_container_wrap container_wrap sidebar_right'   ><div class='container' ><div class='template-page content  av-content-small alpha units'><div class='post-entry post-entry-type-page post-entry-15329'><div class='entry-content-wrapper clearfix'><br \/>\n<div class=\"flex_column av_one_full  av-hide-on-mobile  flex_column_div av-zero-column-padding first  \" style='border-radius:0px; '><p><div style='padding-bottom:10px;color:#303030;font-size:20px;' class='av-special-heading av-special-heading-h2 custom-color-heading blockquote modern-quote  av-inherit-size '><h2 class='av-special-heading-tag '  itemprop=\"headline\"  >Volkswagen Amarok, precio, informaci\u00f3n con im\u00e1genes<\/h2><div class='special-heading-border'><div class='special-heading-inner-border' style='border-color:#303030'><\/div><\/div><\/div><br \/>\n<section class=\"av_textblock_section \"  itemscope=\"itemscope\" itemtype=\"https:\/\/schema.org\/CreativeWork\" ><div class='avia_textblock  '  style='font-size:16px; '  itemprop=\"text\" ><p>Volkswagen Amarok, desc\u00fabrelo<\/p>\n<\/div><\/section><\/p><\/div><br \/>\n<div class=\"flex_column av_one_full  flex_column_div av-zero-column-padding first  \" style='border-radius:0px; '><p><div style='padding-bottom:10px;color:#303030;font-size:24px;' class='av-special-heading av-special-heading-h3 custom-color-heading blockquote modern-quote   av-inherit-size '><h3 class='av-special-heading-tag '  itemprop=\"headline\"  >Galer\u00eda Volkswagen Amarok<\/h3><div class ='av-subheading av-subheading_below av_custom_color ' style='font-size:15px;'><p>Descubre im\u00e1genes Volkswagen Amarok<\/p>\n<\/div><div class='special-heading-border'><div class='special-heading-inner-border' style='border-color:#303030'><\/div><\/div><\/div><br \/>\n<br \/>\n<div class='av-woo-product-info '><\/div><\/p><\/div><br \/>\n<br \/>\n<div class=\"flex_column av_one_full  av-hide-on-mobile  flex_column_div av-zero-column-padding first  \" style='border-radius:0px; '><\/div><br \/>\n<div class=\"flex_column av_one_full  flex_column_div av-zero-column-padding first  \" style='border-radius:0px; '><\/div><br \/>\n<div class='flex_column_table av-equal-height-column-flextable -flextable' ><div class=\"flex_column av_one_half  av-hide-on-mobile  no_margin flex_column_table_cell av-equal-height-column av-align-top first  \" style='padding:30px; background-color:#3f5d75; border-radius:0px; '><p><div style='height:60px' class='hr hr-invisible  '><span class='hr-inner ' ><span class='hr-inner-style'><\/span><\/span><\/div><br \/>\n<div style='padding-bottom:0px;color:#ffffff;font-size:30px;' class='av-special-heading av-special-heading-h4 custom-color-heading blockquote modern-quote modern-centered  av-inherit-size '><h4 class='av-special-heading-tag '  itemprop=\"headline\"  >\u00bfNecesitas<br \/>\nCredito Automotriz?<\/h4><div class ='av-subheading av-subheading_below av_custom_color ' style='font-size:17px;'><p>Informate sobre ventajas, tipos de credito automotriz y recomendaciones<\/p>\n<\/div><div class='special-heading-border'><div class='special-heading-inner-border' style='border-color:#ffffff'><\/div><\/div><\/div><\/p><\/div><\/div><!--close column table wrapper. Autoclose: 1 --><br \/>\n<div class='flex_column_table av-equal-height-column-flextable -flextable' ><div class=\"flex_column av_one_half  av-hide-on-mobile  no_margin flex_column_table_cell av-equal-height-column av-align-top   \" style='padding:30px; background-color:#0099ff; border-radius:0px; '><p><section class=\"av_textblock_section \"  itemscope=\"itemscope\" itemtype=\"https:\/\/schema.org\/CreativeWork\" ><div class='avia_textblock  av_inherit_color '  style='font-size:15px; color:#ffffff; '  itemprop=\"text\" ><p><strong>Si necesitas pronto tu auto nuevo<\/strong> te invitamos a conocer m\u00e1s sobre el <a title=\"Credito Automotriz\" href=\"https:\/\/www.autosnuevoschile.cl\/credito-automotriz\/\">credito automotriz<\/a>, una opci\u00f3n para obtener el auto que tanto has so\u00f1ado de manera rapida y confiable. Te entregamos toda la informaci\u00f3n que necesitas sobre <a title=\"Tipos de Credito Automotriz\" href=\"https:\/\/www.autosnuevoschile.cl\/credito-automotriz\/#tipos\">tipos de credito automotriz<\/a> con recomendaciones para escoger la mejor decisi\u00f3n para obtener tu auto nuevo.<\/p>\n<\/div><\/section><br \/>\n<div class='avia-button-wrap avia-button-left '><a href='https:\/\/www.autosnuevoschile.cl\/credito-automotriz\/' class='avia-button   avia-icon_select-yes-left-icon avia-color-light avia-size-large avia-position-left '   ><span class='avia_button_icon avia_button_icon_left ' aria-hidden='true' data-av_icon='\ue816' data-av_iconfont='entypo-fontello'><\/span><span class='avia_iconbox_title' >Saber m\u00e1s<\/span><\/a><\/div><\/p><\/div><\/div><!--close column table wrapper. Autoclose: 1 --><\/p>\n","protected":false},"excerpt":{"rendered":"<p>Volkswagen Amarok, desc\u00fabrelo<\/p>\n","protected":false},"featured_media":5164,"comment_status":"closed","ping_status":"closed","template":"","meta":[],"product_brand":[],"product_cat":[263,205],"product_tag":[212,213],"class_list":{"0":"post-15329","1":"product","2":"type-product","3":"status-publish","4":"has-post-thumbnail","6":"product_cat-volkswagen","7":"product_cat-ofertas","8":"product_tag-camionetas","9":"product_tag-pick-up","11":"first","12":"instock","13":"sale","14":"virtual","15":"purchasable","16":"product-type-simple"},"_links":{"self":[{"href":"https:\/\/catalogo.autosonline.cl\/autos-nuevos\/wp-json\/wp\/v2\/product\/15329","targetHints":{"allow":["GET"]}}],"collection":[{"href":"https:\/\/catalogo.autosonline.cl\/autos-nuevos\/wp-json\/wp\/v2\/product"}],"about":[{"href":"https:\/\/catalogo.autosonline.cl\/autos-nuevos\/wp-json\/wp\/v2\/types\/product"}],"replies":[{"embeddable":true,"href":"https:\/\/catalogo.autosonline.cl\/autos-nuevos\/wp-json\/wp\/v2\/comments?post=15329"}],"wp:featuredmedia":[{"embeddable":true,"href":"https:\/\/catalogo.autosonline.cl\/autos-nuevos\/wp-json\/"}],"wp:attachment":[{"href":"https:\/\/catalogo.autosonline.cl\/autos-nuevos\/wp-json\/wp\/v2\/media?parent=15329"}],"wp:term":[{"taxonomy":"product_brand","embeddable":true,"href":"https:\/\/catalogo.autosonline.cl\/autos-nuevos\/wp-json\/wp\/v2\/product_brand?post=15329"},{"taxonomy":"product_cat","embeddable":true,"href":"https:\/\/catalogo.autosonline.cl\/autos-nuevos\/wp-json\/wp\/v2\/product_cat?post=15329"},{"taxonomy":"product_tag","embeddable":true,"href":"https:\/\/catalogo.autosonline.cl\/autos-nuevos\/wp-json\/wp\/v2\/product_tag?post=15329"}],"curies":[{"name":"wp","href":"https:\/\/api.w.org\/{rel}","templated":true}]}}